{"id":630,"date":"2024-09-12T11:51:43","date_gmt":"2024-09-12T09:51:43","guid":{"rendered":"https:\/\/qazo.websofort.de\/about-us\/"},"modified":"2025-11-25T23:38:03","modified_gmt":"2025-11-25T21:38:03","slug":"datenschutzerklaerung","status":"publish","type":"page","link":"https:\/\/qazo.ch\/en\/datenschutzerklaerung\/","title":{"rendered":"Datenschutzerkl\u00e4rung"},"content":{"rendered":"<p>[et_pb_section fb_built=&#8221;1&#8243; admin_label=&#8221;Header&#8221; _builder_version=&#8221;4.21.0&#8243; _module_preset=&#8221;default&#8221; background_color=&#8221;gcid-4c119920-fe37-4b7d-b1e0-a1ec608cdcd7&#8243; custom_margin=&#8221;||-204px|||&#8221; collapsed=&#8221;on&#8221; global_colors_info=&#8221;{%22gcid-4c119920-fe37-4b7d-b1e0-a1ec608cdcd7%22:%91%22background_color%22%93}&#8221;][et_pb_row column_structure=&#8221;1_4,1_2,1_4&#8243; _builder_version=&#8221;4.21.0&#8243; _module_preset=&#8221;default&#8221; locked=&#8221;off&#8221; global_colors_info=&#8221;{}&#8221;][et_pb_column type=&#8221;1_4&#8243; _builder_version=&#8221;4.21.0&#8243; _module_preset=&#8221;default&#8221; global_colors_info=&#8221;{}&#8221;][et_pb_divider color=&#8221;gcid-270b494a-7797-4179-a3cb-58e2ea5a2b33&#8243; divider_position=&#8221;center&#8221; _builder_version=&#8221;4.21.0&#8243; _module_preset=&#8221;default&#8221; custom_margin=&#8221;||0px||false|false&#8221; custom_margin_tablet=&#8221;5px||||false|false&#8221; custom_margin_phone=&#8221;0px||||false|false&#8221; custom_margin_last_edited=&#8221;off|desktop&#8221; custom_padding=&#8221;||||false|false&#8221; locked=&#8221;off&#8221; global_colors_info=&#8221;{%22gcid-270b494a-7797-4179-a3cb-58e2ea5a2b33%22:%91%22color%22,%22color%22,%22color%22,%22color%22,%22color%22,%22color%22,%22color%22,%22color%22,%22color%22%93}&#8221;][\/et_pb_divider][\/et_pb_column][et_pb_column type=&#8221;1_2&#8243; _builder_version=&#8221;4.21.0&#8243; _module_preset=&#8221;default&#8221; global_colors_info=&#8221;{}&#8221;][\/et_pb_column][et_pb_column type=&#8221;1_4&#8243; _builder_version=&#8221;4.21.0&#8243; _module_preset=&#8221;default&#8221; global_colors_info=&#8221;{}&#8221;][et_pb_divider color=&#8221;gcid-270b494a-7797-4179-a3cb-58e2ea5a2b33&#8243; divider_position=&#8221;center&#8221; _builder_version=&#8221;4.21.0&#8243; _module_preset=&#8221;default&#8221; custom_margin=&#8221;||0px||false|false&#8221; custom_padding=&#8221;||||false|false&#8221; locked=&#8221;off&#8221; global_colors_info=&#8221;{%22gcid-270b494a-7797-4179-a3cb-58e2ea5a2b33%22:%91%22color%22,%22color%22%93}&#8221;][\/et_pb_divider][\/et_pb_column][\/et_pb_row][\/et_pb_section][et_pb_section fb_built=&#8221;1&#8243; admin_label=&#8221;Header&#8221; _builder_version=&#8221;4.21.0&#8243; _module_preset=&#8221;default&#8221; background_color=&#8221;gcid-4c119920-fe37-4b7d-b1e0-a1ec608cdcd7&#8243; min_height=&#8221;83px&#8221; collapsed=&#8221;on&#8221; global_colors_info=&#8221;{%22gcid-4c119920-fe37-4b7d-b1e0-a1ec608cdcd7%22:%91%22background_color%22%93}&#8221;][et_pb_row _builder_version=&#8221;4.27.0&#8243; _module_preset=&#8221;default&#8221; width=&#8221;100%&#8221; global_colors_info=&#8221;{}&#8221;][et_pb_column type=&#8221;4_4&#8243; _builder_version=&#8221;4.27.0&#8243; _module_preset=&#8221;default&#8221; global_colors_info=&#8221;{}&#8221;][et_pb_text _builder_version=&#8221;4.27.0&#8243; _module_preset=&#8221;87b94330-48e9-477d-a987-6c5fd66dd7be&#8221; header_text_color=&#8221;#FFFFFF&#8221; header_2_text_color=&#8221;#FFFFFF&#8221; background_color=&#8221;#131314&#8243; position_origin_a=&#8221;top_center&#8221; z_index=&#8221;10&#8243; text_orientation=&#8221;center&#8221; max_width=&#8221;700px&#8221; module_alignment=&#8221;center&#8221; custom_margin=&#8221;-20px||||false|false&#8221; custom_margin_tablet=&#8221;0px||||false|false&#8221; custom_margin_phone=&#8221;0px||||false|false&#8221; custom_margin_last_edited=&#8221;on|tablet&#8221; locked=&#8221;off&#8221; global_colors_info=&#8221;{}&#8221;]<\/p>\n<h2><strong>Datenschutzerkl\u00e4rung<\/strong><\/h2>\n<p>[\/et_pb_text][et_pb_text _builder_version=&#8221;4.27.0&#8243; _module_preset=&#8221;default&#8221; text_text_color=&#8221;#ffffff&#8221; global_colors_info=&#8221;{}&#8221;]<\/p>\n<p>1. Verantwortliche Stelle<br \/>Star Barbershop<br \/>Karl-Neuhaus-Strasse 40<br \/>2502 Biel<br \/>Schweiz<\/p>\n<p>Telefon: <a href=\"tel:078 700 20 36\"><span><span class=\"\">078 700 20 36<\/span><\/span><\/a><br \/>E\u2011Mail: info@qazo.ch<br \/>Website: https:\/\/qazo.ch<\/p>\n<p>2. Erhebung und Verarbeitung personenbezogener Daten<br \/>Wir nehmen den Schutz Ihrer pers\u00f6nlichen Daten ernst. Personenbezogene Daten werden nur erhoben und verarbeitet, soweit dies im Rahmen unserer Dienstleistungen (insbesondere Terminvereinbarung und Kontaktaufnahme) erforderlich ist oder Sie uns diese freiwillig zur Verf\u00fcgung stellen.\u200b<\/p>\n<p>2.1 Besuch unserer Website<br \/>Beim Besuch unserer Website werden automatisch Informationen allgemeiner Natur erfasst. Diese Informationen (Server\u2011Logfiles) beinhalten z.B. den Typ des Webbrowsers, das verwendete Betriebssystem, den Domainnamen Ihres Internet\u2011Service\u2011Providers, die IP\u2011Adresse sowie Datum und Uhrzeit des Zugriffs.\u200b<br \/>Diese Daten lassen in der Regel keine direkten R\u00fcckschl\u00fcsse auf Ihre Person zu. Sie sind technisch notwendig, um die von Ihnen angeforderten Inhalte der Website korrekt auszuliefern, die Stabilit\u00e4t und Sicherheit des Betriebs zu gew\u00e4hrleisten und das Online\u2011Angebot zu optimieren.\u200b<\/p>\n<p>2.2 Kontaktaufnahme und Terminvereinbarung<br \/>Wenn Sie uns per Telefon oder E\u2011Mail kontaktieren oder \u00fcber ein Online\u2011Formular einen Termin anfragen\/buchen, werden die von Ihnen gemachten Angaben (z.B. Name, Telefonnummer, E\u2011Mail\u2011Adresse, gew\u00fcnschte Leistung, Terminwunsch) zur Bearbeitung der Anfrage, zur Durchf\u00fchrung des Termins und f\u00fcr m\u00f6gliche Anschlussfragen gespeichert.\u200b<\/p>\n<p>3. Weitergabe von Daten<br \/>Ihre personenbezogenen Daten werden nicht an Dritte weitergegeben, es sei denn, dies ist zur Erbringung unserer Dienstleistungen erforderlich (z.B. Hosting\u2011Dienstleister f\u00fcr den Betrieb der Website) oder Sie haben ausdr\u00fccklich eingewilligt oder es besteht eine gesetzliche Verpflichtung.\u200b<\/p>\n<p>4. Rechte der betroffenen Personen<br \/>Sie haben das Recht, jederzeit Auskunft \u00fcber Ihre bei uns gespeicherten personenbezogenen Daten zu erhalten. Dar\u00fcber hinaus haben Sie das Recht auf Berichtigung unrichtiger Daten sowie auf L\u00f6schung oder Einschr\u00e4nkung der Verarbeitung, soweit keine gesetzlichen Aufbewahrungspflichten entgegenstehen.\u200b<br \/>Zur Aus\u00fcbung Ihrer Rechte k\u00f6nnen Sie sich an die oben genannte Kontaktadresse wenden. Wir k\u00f6nnen zur Identifikation zus\u00e4tzliche Informationen anfordern, um Missbrauch zu verhindern.\u200b<\/p>\n<p>5. \u00c4nderungen dieser Datenschutzerkl\u00e4rung<br \/>Wir behalten uns vor, diese Datenschutzerkl\u00e4rung gelegentlich anzupassen, damit sie stets den aktuellen rechtlichen Anforderungen entspricht oder um \u00c4nderungen unserer Dienstleistungen abzubilden.\u200b<br \/>F\u00fcr Ihren erneuten Besuch gilt dann die jeweils aktuelle, auf dieser Website ver\u00f6ffentlichte Fassung der Datenschutzerkl\u00e4rung.\u200b<\/p>\n<p>[\/et_pb_text][\/et_pb_column][\/et_pb_row][\/et_pb_section]<\/p>\n","protected":false},"excerpt":{"rendered":"<p>Datenschutzerkl\u00e4rung1. Verantwortliche StelleStar BarbershopKarl-Neuhaus-Strasse 402502 BielSchweiz Telefon: 078 700 20 36E\u2011Mail: info@qazo.chWebsite: https:\/\/qazo.ch 2. Erhebung und Verarbeitung personenbezogener DatenWir nehmen den Schutz Ihrer pers\u00f6nlichen Daten ernst. Personenbezogene Daten werden nur erhoben und verarbeitet, soweit dies im Rahmen unserer Dienstleistungen (insbesondere Terminvereinbarung und Kontaktaufnahme) erforderlich ist oder Sie uns diese freiwillig zur Verf\u00fcgung stellen.\u200b 2.1 Besuch [&hellip;]<\/p>\n","protected":false},"author":1,"featured_media":0,"parent":0,"menu_order":0,"comment_status":"closed","ping_status":"closed","template":"","meta":{"_et_pb_use_builder":"on","_et_pb_old_content":"","_et_gb_content_width":"","footnotes":""},"class_list":["post-630","page","type-page","status-publish","hentry"],"_links":{"self":[{"href":"https:\/\/qazo.ch\/en\/wp-json\/wp\/v2\/pages\/630","targetHints":{"allow":["GET"]}}],"collection":[{"href":"https:\/\/qazo.ch\/en\/wp-json\/wp\/v2\/pages"}],"about":[{"href":"https:\/\/qazo.ch\/en\/wp-json\/wp\/v2\/types\/page"}],"author":[{"embeddable":true,"href":"https:\/\/qazo.ch\/en\/wp-json\/wp\/v2\/users\/1"}],"replies":[{"embeddable":true,"href":"https:\/\/qazo.ch\/en\/wp-json\/wp\/v2\/comments?post=630"}],"version-history":[{"count":12,"href":"https:\/\/qazo.ch\/en\/wp-json\/wp\/v2\/pages\/630\/revisions"}],"predecessor-version":[{"id":8992,"href":"https:\/\/qazo.ch\/en\/wp-json\/wp\/v2\/pages\/630\/revisions\/8992"}],"wp:attachment":[{"href":"https:\/\/qazo.ch\/en\/wp-json\/wp\/v2\/media?parent=630"}],"curies":[{"name":"wp","href":"https:\/\/api.w.org\/{rel}","templated":true}]}}