{"id":413,"date":"2024-09-12T09:04:20","date_gmt":"2024-09-12T09:04:20","guid":{"rendered":"https:\/\/qazo.websofort.de\/rendez-vous-en-ligne\/"},"modified":"2024-10-02T08:08:12","modified_gmt":"2024-10-02T08:08:12","slug":"mes-reservations","status":"publish","type":"page","link":"https:\/\/qazo.ch\/fr\/mes-reservations\/","title":{"rendered":"MES R\u00c9SERVATIONS"},"content":{"rendered":"<p>[et_pb_section fb_built=\u00a0\u00bb1&Prime; admin_label=\u00a0\u00bbHeader\u00a0\u00bb _builder_version=\u00a0\u00bb4.27.0&Prime; _module_preset=\u00a0\u00bbdefault\u00a0\u00bb background_color=\u00a0\u00bbgcid-4c119920-fe37-4b7d-b1e0-a1ec608cdcd7&Prime; min_height=\u00a0\u00bb791.3px\u00a0\u00bb custom_margin=\u00a0\u00bb||-21px||false|false\u00a0\u00bb border_color_all=\u00a0\u00bb#FFFFFF\u00a0\u00bb border_width_bottom=\u00a0\u00bb1px\u00a0\u00bb locked=\u00a0\u00bboff\u00a0\u00bb collapsed=\u00a0\u00bbon\u00a0\u00bb global_colors_info=\u00a0\u00bb{%22gcid-4c119920-fe37-4b7d-b1e0-a1ec608cdcd7%22:%91%22background_color%22%93}\u00a0\u00bb][et_pb_row _builder_version=\u00a0\u00bb4.21.0&Prime; _module_preset=\u00a0\u00bbdefault\u00a0\u00bb global_colors_info=\u00a0\u00bb{}\u00a0\u00bb][et_pb_column type=\u00a0\u00bb4_4&Prime; _builder_version=\u00a0\u00bb4.21.0&Prime; _module_preset=\u00a0\u00bbdefault\u00a0\u00bb global_colors_info=\u00a0\u00bb{}\u00a0\u00bb][et_pb_text _builder_version=\u00a0\u00bb4.27.0&Prime; _module_preset=\u00a0\u00bb112dc727-1fcd-4fe9-b1e3-4ee900d6628b\u00a0\u00bb header_text_color=\u00a0\u00bb#FFFFFF\u00a0\u00bb text_orientation=\u00a0\u00bbcenter\u00a0\u00bb global_colors_info=\u00a0\u00bb{}\u00a0\u00bb]<\/p>\n<h1>Mes r\u00e9servations<\/h1>\n<p>[\/et_pb_text][\/et_pb_column][\/et_pb_row][et_pb_row _builder_version=\u00a0\u00bb4.27.0&Prime; _module_preset=\u00a0\u00bbdefault\u00a0\u00bb min_height=\u00a0\u00bb132.8px\u00a0\u00bb custom_margin=\u00a0\u00bb|auto|-2px|auto||\u00a0\u00bb global_colors_info=\u00a0\u00bb{}\u00a0\u00bb][et_pb_column type=\u00a0\u00bb4_4&Prime; _builder_version=\u00a0\u00bb4.27.0&Prime; _module_preset=\u00a0\u00bbdefault\u00a0\u00bb custom_css_free_form=\u00a0\u00bb.appointment-text {||    color: white !important;||}\u00a0\u00bb global_colors_info=\u00a0\u00bb{}\u00a0\u00bb][et_pb_code _builder_version=\u00a0\u00bb4.27.0&Prime; _module_preset=\u00a0\u00bbdefault\u00a0\u00bb global_colors_info=\u00a0\u00bb{}\u00a0\u00bb]<div id=\"booked-profile-page\">\n\n\t\t\t\t<div id=\"booked-page-form\">\n\n\t\t\t\t\t<ul class=\"booked-tabs login bookedClearFix\">\n\t\t\t\t\t\t<li class=\"active\"><a href=\"#login\"><i class=\"fa-solid fa-lock\"><\/i>S&#039;inscrire<\/a><\/li>\n\t\t\t\t\t\t<li><a href=\"#register\"><i class=\"fa-solid fa-pencil\"><\/i> Registre<\/a><\/li>\t\t\t\t\t\t<li><a href=\"#forgot\"><i class=\"fa-solid fa-circle-question\"><\/i>Mot de passe oubli\u00e9<\/a><\/li>\n\t\t\t\t\t<\/ul>\n\n\t\t\t\t\t<div id=\"profile-login\" class=\"booked-tab-content\">\n\n\t\t\t\t\t\t\n\t\t\t\t\t\t\n\t\t\t\t\t\t<div class=\"booked-form-wrap bookedClearFix\">\n\t\t\t\t\t\t\t<div class=\"booked-custom-error\">Les deux champs sont obligatoires pour se connecter.<\/div>\n\t\t\t\t\t\t\t\n\t\t\t\t\t\t\t<form name=\"loginform\" id=\"loginform\" action=\"https:\/\/qazo.ch\/wp-login.php\" method=\"post\"><input type=\"hidden\" name=\"booked_login_form\" value=\"1\"><p class=\"login-username\">\n\t\t\t\t<label for=\"user_login\">Email Address<\/label>\n\t\t\t\t<input type=\"text\" name=\"log\" id=\"user_login\" autocomplete=\"username\" class=\"input\" value=\"\" size=\"20\" \/>\n\t\t\t<\/p><p class=\"login-password\">\n\t\t\t\t<label for=\"user_pass\">Mot de passe<\/label>\n\t\t\t\t<input type=\"password\" name=\"pwd\" id=\"user_pass\" autocomplete=\"current-password\" spellcheck=\"false\" class=\"input\" value=\"\" size=\"20\" \/>\n\t\t\t<\/p><p class=\"login-remember\"><label><input name=\"rememberme\" type=\"checkbox\" id=\"rememberme\" value=\"forever\" \/> Se souvenir de moi<\/label><\/p><p class=\"login-submit\">\n\t\t\t\t<input type=\"submit\" name=\"wp-submit\" id=\"wp-submit\" class=\"button button-primary\" value=\"Se connecter\" \/>\n\t\t\t\t<input type=\"hidden\" name=\"redirect_to\" value=\"https:\/\/qazo.ch\/fr\/mes-reservations\/\" \/>\n\t\t\t<\/p><\/form>\n\t\t\t\t\t\t<\/div>\n\t\t\t\t\t<\/div>\n\n\t\t\t\t\t\n\t\t\t\t\t<div id=\"profile-register\" class=\"booked-tab-content\">\n\t\t\t\t\t\t<div class=\"booked-form-wrap bookedClearFix\">\n\n\t\t\t\t\t\t\t<form action=\"\" method=\"post\" class=\"wp-user-form\">\n\n\t\t<p class=\"name\">\n\t\t\t<label for=\"name\">Pr\u00e9nom<\/label>\n\t\t\t<input type=\"text\" name=\"booked_reg_name\" value=\"\" id=\"name\" tabindex=\"101\" \/>\n\t\t<\/p>\n\t\t\t\t<p class=\"surname\">\n\t\t\t<label for=\"surname\">Nom et pr\u00e9nom<\/label>\n\t\t\t<input type=\"text\" name=\"booked_reg_surname\" value=\"\" id=\"surname\" tabindex=\"102\" \/>\n\t\t<\/p>\n\t\t\t\t<p class=\"email\">\n\t\t\t<label for=\"email\">Email Address<\/label>\n\t\t\t<input type=\"email\" name=\"booked_reg_email\" value=\"\" id=\"email\" tabindex=\"103\" \/>\n\t\t<\/p>\n\t\t<p class=\"password\">\n\t\t\t<label for=\"password\">Choisir un mot de passe<\/label>\n\t\t\t<input type=\"password\" name=\"booked_reg_password\" value=\"\" id=\"password\" tabindex=\"104\" \/>\n\t\t<\/p>\n\n\t\t\n\t\t<input type=\"submit\" name=\"booked_reg_submit\" value=\" Registre\" class=\"user-submit button-primary\" tabindex=\"105\" \/>\n\n\t<\/form>\n\t\t\t\t\t\t<\/div>\n\t\t\t\t\t<\/div>\n\n\t\t\t\t\t\n\t\t\t\t\t<div id=\"profile-forgot\" class=\"booked-tab-content\">\n\t\t\t\t\t\t<div class=\"booked-form-wrap bookedClearFix\">\n\t\t\t\t\t\t\t<div class=\"booked-custom-error\">Une adresse \u00e9lectronique est n\u00e9cessaire pour r\u00e9initialiser votre mot de passe.<\/div>\n\t\t\t\t\t\t\t<form method=\"post\" action=\"https:\/\/qazo.ch\/wp-login.php?action=lostpassword\" class=\"wp-user-form\">\n\t\t\t\t\t\t\t\t<p class=\"username\">\n\t\t\t\t\t\t\t\t\t<label for=\"user_login\">Quelle est votre adresse \u00e9lectronique ?<\/label>\n\t\t\t\t\t\t\t\t\t<input type=\"text\" name=\"user_login\" value=\"\" size=\"20\" id=\"user_login\" tabindex=\"1001\" \/>\n\t\t\t\t\t\t\t\t<\/p>\n\n\t\t\t\t\t\t\t\t\t\t\t\t\t\t\t\t<input type=\"submit\" name=\"user-submit\" value=\"R\u00e9initialiser mon mot de passe\" class=\"user-submit button-primary\" tabindex=\"1002\" \/>\n\t\t\t\t\t\t\t\t<input type=\"hidden\" name=\"redirect_to\" value=\"https:\/\/qazo.ch\/fr\/mes-reservations\/?reset=true\" \/>\n\t\t\t\t\t\t\t\t<input type=\"hidden\" name=\"user-cookie\" value=\"1\" \/>\n\n\t\t\t\t\t\t\t<\/form>\n\t\t\t\t\t\t<\/div>\n\t\t\t\t\t<\/div>\n\t\t\t\t<\/div><!-- END #booked-page-form -->\n\n\t\t\t<\/div>[\/et_pb_code][\/et_pb_column][\/et_pb_row][\/et_pb_section]<\/p>\n","protected":false},"excerpt":{"rendered":"<p>Mes r\u00e9servations<div id=\"booked-profile-page\">\n\n\t\t\t\t<div id=\"booked-page-form\">\n\n\t\t\t\t\t<ul class=\"booked-tabs login bookedClearFix\">\n\t\t\t\t\t\t<li class=\"active\"><a href=\"#login\"><i class=\"fa-solid fa-lock\"><\/i>S&#039;inscrire<\/a><\/li>\n\t\t\t\t\t\t<li><a href=\"#register\"><i class=\"fa-solid fa-pencil\"><\/i> Registre<\/a><\/li>\t\t\t\t\t\t<li><a href=\"#forgot\"><i class=\"fa-solid fa-circle-question\"><\/i>Mot de passe oubli\u00e9<\/a><\/li>\n\t\t\t\t\t<\/ul>\n\n\t\t\t\t\t<div id=\"profile-login\" class=\"booked-tab-content\">\n\n\t\t\t\t\t\t\n\t\t\t\t\t\t\n\t\t\t\t\t\t<div class=\"booked-form-wrap bookedClearFix\">\n\t\t\t\t\t\t\t<div class=\"booked-custom-error\">Les deux champs sont obligatoires pour se connecter.<\/div>\n\t\t\t\t\t\t\t\n\t\t\t\t\t\t\t<form name=\"loginform\" id=\"loginform\" action=\"https:\/\/qazo.ch\/wp-login.php\" method=\"post\"><input type=\"hidden\" name=\"booked_login_form\" value=\"1\"><p class=\"login-username\">\n\t\t\t\t<label for=\"user_login\">Email Address<\/label>\n\t\t\t\t<input type=\"text\" name=\"log\" id=\"user_login\" autocomplete=\"username\" class=\"input\" value=\"\" size=\"20\" \/>\n\t\t\t<\/p><p class=\"login-password\">\n\t\t\t\t<label for=\"user_pass\">Mot de passe<\/label>\n\t\t\t\t<input type=\"password\" name=\"pwd\" id=\"user_pass\" autocomplete=\"current-password\" spellcheck=\"false\" class=\"input\" value=\"\" size=\"20\" \/>\n\t\t\t<\/p><p class=\"login-remember\"><label><input name=\"rememberme\" type=\"checkbox\" id=\"rememberme\" value=\"forever\" \/> Se souvenir de moi<\/label><\/p><p class=\"login-submit\">\n\t\t\t\t<input type=\"submit\" name=\"wp-submit\" id=\"wp-submit\" class=\"button button-primary\" value=\"Se connecter\" \/>\n\t\t\t\t<input type=\"hidden\" name=\"redirect_to\" value=\"https:\/\/qazo.ch\/fr\/mes-reservations\/\" \/>\n\t\t\t<\/p><\/form>\n\t\t\t\t\t\t<\/div>\n\t\t\t\t\t<\/div>\n\n\t\t\t\t\t\n\t\t\t\t\t<div id=\"profile-register\" class=\"booked-tab-content\">\n\t\t\t\t\t\t<div class=\"booked-form-wrap bookedClearFix\">\n\n\t\t\t\t\t\t\t<form action=\"\" method=\"post\" class=\"wp-user-form\">\n\n\t\t<p class=\"name\">\n\t\t\t<label for=\"name\">Pr\u00e9nom<\/label>\n\t\t\t<input type=\"text\" name=\"booked_reg_name\" value=\"\" id=\"name\" tabindex=\"101\" \/>\n\t\t<\/p>\n\t\t\t\t<p class=\"surname\">\n\t\t\t<label for=\"surname\">Nom et pr\u00e9nom<\/label>\n\t\t\t<input type=\"text\" name=\"booked_reg_surname\" value=\"\" id=\"surname\" tabindex=\"102\" \/>\n\t\t<\/p>\n\t\t\t\t<p class=\"email\">\n\t\t\t<label for=\"email\">Email Address<\/label>\n\t\t\t<input type=\"email\" name=\"booked_reg_email\" value=\"\" id=\"email\" tabindex=\"103\" \/>\n\t\t<\/p>\n\t\t<p class=\"password\">\n\t\t\t<label for=\"password\">Choisir un mot de passe<\/label>\n\t\t\t<input type=\"password\" name=\"booked_reg_password\" value=\"\" id=\"password\" tabindex=\"104\" \/>\n\t\t<\/p>\n\n\t\t\n\t\t<input type=\"submit\" name=\"booked_reg_submit\" value=\" Registre\" class=\"user-submit button-primary\" tabindex=\"105\" \/>\n\n\t<\/form>\n\t\t\t\t\t\t<\/div>\n\t\t\t\t\t<\/div>\n\n\t\t\t\t\t\n\t\t\t\t\t<div id=\"profile-forgot\" class=\"booked-tab-content\">\n\t\t\t\t\t\t<div class=\"booked-form-wrap bookedClearFix\">\n\t\t\t\t\t\t\t<div class=\"booked-custom-error\">Une adresse \u00e9lectronique est n\u00e9cessaire pour r\u00e9initialiser votre mot de passe.<\/div>\n\t\t\t\t\t\t\t<form method=\"post\" action=\"https:\/\/qazo.ch\/wp-login.php?action=lostpassword\" class=\"wp-user-form\">\n\t\t\t\t\t\t\t\t<p class=\"username\">\n\t\t\t\t\t\t\t\t\t<label for=\"user_login\">Quelle est votre adresse \u00e9lectronique ?<\/label>\n\t\t\t\t\t\t\t\t\t<input type=\"text\" name=\"user_login\" value=\"\" size=\"20\" id=\"user_login\" tabindex=\"1001\" \/>\n\t\t\t\t\t\t\t\t<\/p>\n\n\t\t\t\t\t\t\t\t\t\t\t\t\t\t\t\t<input type=\"submit\" name=\"user-submit\" value=\"R\u00e9initialiser mon mot de passe\" class=\"user-submit button-primary\" tabindex=\"1002\" \/>\n\t\t\t\t\t\t\t\t<input type=\"hidden\" name=\"redirect_to\" value=\"https:\/\/qazo.ch\/fr\/mes-reservations\/?reset=true\" \/>\n\t\t\t\t\t\t\t\t<input type=\"hidden\" name=\"user-cookie\" value=\"1\" \/>\n\n\t\t\t\t\t\t\t<\/form>\n\t\t\t\t\t\t<\/div>\n\t\t\t\t\t<\/div>\n\t\t\t\t<\/div><!-- END #booked-page-form -->\n\n\t\t\t<\/div><\/p>\n","protected":false},"author":1,"featured_media":0,"parent":0,"menu_order":0,"comment_status":"closed","ping_status":"closed","template":"","meta":{"_et_pb_use_builder":"on","_et_pb_old_content":"","_et_gb_content_width":"","footnotes":""},"class_list":["post-413","page","type-page","status-publish","hentry"],"_links":{"self":[{"href":"https:\/\/qazo.ch\/fr\/wp-json\/wp\/v2\/pages\/413","targetHints":{"allow":["GET"]}}],"collection":[{"href":"https:\/\/qazo.ch\/fr\/wp-json\/wp\/v2\/pages"}],"about":[{"href":"https:\/\/qazo.ch\/fr\/wp-json\/wp\/v2\/types\/page"}],"author":[{"embeddable":true,"href":"https:\/\/qazo.ch\/fr\/wp-json\/wp\/v2\/users\/1"}],"replies":[{"embeddable":true,"href":"https:\/\/qazo.ch\/fr\/wp-json\/wp\/v2\/comments?post=413"}],"version-history":[{"count":10,"href":"https:\/\/qazo.ch\/fr\/wp-json\/wp\/v2\/pages\/413\/revisions"}],"predecessor-version":[{"id":1124,"href":"https:\/\/qazo.ch\/fr\/wp-json\/wp\/v2\/pages\/413\/revisions\/1124"}],"wp:attachment":[{"href":"https:\/\/qazo.ch\/fr\/wp-json\/wp\/v2\/media?parent=413"}],"curies":[{"name":"wp","href":"https:\/\/api.w.org\/{rel}","templated":true}]}}